{"id":188,"date":"2022-05-31T14:01:02","date_gmt":"2022-05-31T13:01:02","guid":{"rendered":"http:\/\/univ-walombe.com\/?page_id=188"},"modified":"2023-09-07T14:32:47","modified_gmt":"2023-09-07T13:32:47","slug":"bibliotheque","status":"publish","type":"page","link":"https:\/\/univ-walombe.com\/index.php\/bibliotheque\/","title":{"rendered":"Biblioth\u00e8que"},"content":{"rendered":"\t\t<div data-elementor-type=\"wp-page\" data-elementor-id=\"188\" class=\"elementor elementor-188\">\n\t\t\t\t\t\t<section class=\"elementor-section elementor-top-section elementor-element elementor-element-0371566 elementor-section-boxed elementor-section-height-default elementor-section-height-default\" data-id=\"0371566\" data-element_type=\"section\" data-e-type=\"section\">\n\t\t\t\t\t\t<div class=\"elementor-container elementor-column-gap-default\">\n\t\t\t\t\t<div class=\"elementor-column elementor-col-100 elementor-top-column elementor-element elementor-element-371d626\" data-id=\"371d626\" data-element_type=\"column\" data-e-type=\"column\">\n\t\t\t<div class=\"elementor-widget-wrap elementor-element-populated\">\n\t\t\t\t\t\t<div class=\"elementor-element elementor-element-36c3867 elementor-widget-divider--view-line elementor-widget elementor-widget-divider\" data-id=\"36c3867\" data-element_type=\"widget\" data-e-type=\"widget\" data-widget_type=\"divider.default\">\n\t\t\t\t<div class=\"elementor-widget-container\">\n\t\t\t\t\t\t\t<div class=\"elementor-divider\">\n\t\t\t<span class=\"elementor-divider-separator\">\n\t\t\t\t\t\t<\/span>\n\t\t<\/div>\n\t\t\t\t\t\t<\/div>\n\t\t\t\t<\/div>\n\t\t\t\t\t<\/div>\n\t\t<\/div>\n\t\t\t\t\t<\/div>\n\t\t<\/section>\n\t\t\t\t<section class=\"elementor-section elementor-top-section elementor-element elementor-element-4007273 elementor-section-height-min-height elementor-section-boxed elementor-section-height-default elementor-section-items-middle\" data-id=\"4007273\" data-element_type=\"section\" data-e-type=\"section\">\n\t\t\t\t\t\t<div class=\"elementor-container elementor-column-gap-default\">\n\t\t\t\t\t<header class=\"elementor-column elementor-col-100 elementor-top-column elementor-element elementor-element-4838cf9\" data-id=\"4838cf9\" data-element_type=\"column\" data-e-type=\"column\">\n\t\t\t<div class=\"elementor-widget-wrap elementor-element-populated\">\n\t\t\t\t\t\t<div class=\"elementor-element elementor-element-c132d71 elementor-widget__width-inherit elementor-arrows-position-inside elementor-pagination-position-outside elementor-widget elementor-widget-image-carousel\" data-id=\"c132d71\" data-element_type=\"widget\" data-e-type=\"widget\" data-settings=\"{&quot;slides_to_show&quot;:&quot;2&quot;,&quot;image_spacing_custom&quot;:{&quot;unit&quot;:&quot;px&quot;,&quot;size&quot;:25,&quot;sizes&quot;:[]},&quot;navigation&quot;:&quot;both&quot;,&quot;autoplay&quot;:&quot;yes&quot;,&quot;pause_on_hover&quot;:&quot;yes&quot;,&quot;pause_on_interaction&quot;:&quot;yes&quot;,&quot;autoplay_speed&quot;:5000,&quot;infinite&quot;:&quot;yes&quot;,&quot;speed&quot;:500,&quot;image_spacing_custom_tablet&quot;:{&quot;unit&quot;:&quot;px&quot;,&quot;size&quot;:&quot;&quot;,&quot;sizes&quot;:[]},&quot;image_spacing_custom_mobile&quot;:{&quot;unit&quot;:&quot;px&quot;,&quot;size&quot;:&quot;&quot;,&quot;sizes&quot;:[]}}\" data-widget_type=\"image-carousel.default\">\n\t\t\t\t<div class=\"elementor-widget-container\">\n\t\t\t\t\t\t\t<div class=\"elementor-image-carousel-wrapper swiper\" role=\"region\" aria-roledescription=\"carousel\" aria-label=\"Carrousel d\u2019images\" dir=\"ltr\">\n\t\t\t<div class=\"elementor-image-carousel swiper-wrapper\" aria-live=\"off\">\n\t\t\t\t\t\t\t\t<div class=\"swiper-slide\" role=\"group\" aria-roledescription=\"slide\" aria-label=\"1 sur 9\"><figure class=\"swiper-slide-inner\"><img decoding=\"async\" class=\"swiper-slide-image\" src=\"https:\/\/univ-walombe.com\/wp-content\/uploads\/2023\/08\/thoughts-3937313_1280.jpg\" alt=\"thoughts-3937313_1280\" \/><\/figure><\/div><div class=\"swiper-slide\" role=\"group\" aria-roledescription=\"slide\" aria-label=\"2 sur 9\"><figure class=\"swiper-slide-inner\"><img decoding=\"async\" class=\"swiper-slide-image\" src=\"https:\/\/univ-walombe.com\/wp-content\/uploads\/2023\/08\/books-5937823_1280.jpg\" alt=\"books-5937823_1280\" \/><\/figure><\/div><div class=\"swiper-slide\" role=\"group\" aria-roledescription=\"slide\" aria-label=\"3 sur 9\"><figure class=\"swiper-slide-inner\"><img decoding=\"async\" class=\"swiper-slide-image\" src=\"https:\/\/univ-walombe.com\/wp-content\/uploads\/2023\/08\/books-462579_1280.jpg\" alt=\"books-462579_1280\" \/><\/figure><\/div><div class=\"swiper-slide\" role=\"group\" aria-roledescription=\"slide\" aria-label=\"4 sur 9\"><figure class=\"swiper-slide-inner\"><img decoding=\"async\" class=\"swiper-slide-image\" src=\"https:\/\/univ-walombe.com\/wp-content\/uploads\/2023\/08\/books-1204029_1280.jpg\" alt=\"books-1204029_1280\" \/><\/figure><\/div><div class=\"swiper-slide\" role=\"group\" aria-roledescription=\"slide\" aria-label=\"5 sur 9\"><figure class=\"swiper-slide-inner\"><img decoding=\"async\" class=\"swiper-slide-image\" src=\"https:\/\/univ-walombe.com\/wp-content\/uploads\/2023\/08\/book-5077895_640.jpg\" alt=\"book-5077895_640\" \/><\/figure><\/div><div class=\"swiper-slide\" role=\"group\" aria-roledescription=\"slide\" aria-label=\"6 sur 9\"><figure class=\"swiper-slide-inner\"><img decoding=\"async\" class=\"swiper-slide-image\" src=\"https:\/\/univ-walombe.com\/wp-content\/uploads\/2023\/08\/books-5937716_640.jpg\" alt=\"books-5937716_640\" \/><\/figure><\/div><div class=\"swiper-slide\" role=\"group\" aria-roledescription=\"slide\" aria-label=\"7 sur 9\"><figure class=\"swiper-slide-inner\"><img decoding=\"async\" class=\"swiper-slide-image\" src=\"https:\/\/univ-walombe.com\/wp-content\/uploads\/2023\/08\/books-21849_640.jpg\" alt=\"books-21849_640\" \/><\/figure><\/div><div class=\"swiper-slide\" role=\"group\" aria-roledescription=\"slide\" aria-label=\"8 sur 9\"><figure class=\"swiper-slide-inner\"><img decoding=\"async\" class=\"swiper-slide-image\" src=\"https:\/\/univ-walombe.com\/wp-content\/uploads\/2023\/08\/books-4305459_640.jpg\" alt=\"books-4305459_640\" \/><\/figure><\/div><div class=\"swiper-slide\" role=\"group\" aria-roledescription=\"slide\" aria-label=\"9 sur 9\"><figure class=\"swiper-slide-inner\"><img decoding=\"async\" class=\"swiper-slide-image\" src=\"https:\/\/univ-walombe.com\/wp-content\/uploads\/2023\/08\/books-1246674_640.jpg\" alt=\"books-1246674_640\" \/><\/figure><\/div>\t\t\t<\/div>\n\t\t\t\t\t\t\t\t\t\t\t\t<div class=\"elementor-swiper-button elementor-swiper-button-prev\" role=\"button\" tabindex=\"0\">\n\t\t\t\t\t\t<i aria-hidden=\"true\" class=\"eicon-chevron-left\"><\/i>\t\t\t\t\t<\/div>\n\t\t\t\t\t<div class=\"elementor-swiper-button elementor-swiper-button-next\" role=\"button\" tabindex=\"0\">\n\t\t\t\t\t\t<i aria-hidden=\"true\" class=\"eicon-chevron-right\"><\/i>\t\t\t\t\t<\/div>\n\t\t\t\t\n\t\t\t\t\t\t\t\t\t<div class=\"swiper-pagination\"><\/div>\n\t\t\t\t\t\t\t\t\t<\/div>\n\t\t\t\t\t\t<\/div>\n\t\t\t\t<\/div>\n\t\t\t\t\t<\/div>\n\t\t<\/header>\n\t\t\t\t\t<\/div>\n\t\t<\/section>\n\t\t\t\t<section class=\"elementor-section elementor-top-section elementor-element elementor-element-e579792 elementor-section-boxed elementor-section-height-default elementor-section-height-default\" data-id=\"e579792\" data-element_type=\"section\" data-e-type=\"section\">\n\t\t\t\t\t\t<div class=\"elementor-container elementor-column-gap-default\">\n\t\t\t\t\t<div class=\"elementor-column elementor-col-100 elementor-top-column elementor-element elementor-element-a5f5fae\" data-id=\"a5f5fae\" data-element_type=\"column\" data-e-type=\"column\">\n\t\t\t<div class=\"elementor-widget-wrap elementor-element-populated\">\n\t\t\t\t\t\t<div class=\"elementor-element elementor-element-ef1dfea elementor-widget elementor-widget-spacer\" data-id=\"ef1dfea\" data-element_type=\"widget\" data-e-type=\"widget\" data-widget_type=\"spacer.default\">\n\t\t\t\t<div class=\"elementor-widget-container\">\n\t\t\t\t\t\t\t<div class=\"elementor-spacer\">\n\t\t\t<div class=\"elementor-spacer-inner\"><\/div>\n\t\t<\/div>\n\t\t\t\t\t\t<\/div>\n\t\t\t\t<\/div>\n\t\t\t\t<div class=\"elementor-element elementor-element-775f418 elementor-widget elementor-widget-text-editor\" data-id=\"775f418\" data-element_type=\"widget\" data-e-type=\"widget\" data-widget_type=\"text-editor.default\">\n\t\t\t\t<div class=\"elementor-widget-container\">\n\t\t\t\t\t\t\t\t\t<h2 class=\"vc_custom_heading vc_custom_1617095703127\">PRESENTATION GENERALE<\/h2>\n<div class=\"wpb_text_column wpb_content_element vc_custom_1617095577959\">\n<div class=\"wpb_wrapper\">\n<p>L&#8217;universit\u00e9 est dot\u00e9e d\u2019un r\u00e9seau de biblioth\u00e8ques \u00e9quip\u00e9es de la technologie num\u00e9rique qui vous accueille pendant l\u2019ann\u00e9e universitaire et met \u00e0 votre disposition plus de 45 000 ouvrages. Un personnel qualifi\u00e9 et dynamique y travaille quotidiennement.<\/p><ul>\n<\/ul>\n<p>La biblioth\u00e8que accueille et mettent \u00e0 la disposition des usagers :<br><\/p>\n<ul>\n<li>Des manuels pour les longues journ\u00e9es d\u2019\u00e9tude\u2026<\/li>\n<li>Des ouvrages recommand\u00e9s par les profs pour les veilles d\u2019examens\u2026<\/li>\n<li>Des ouvrages pour les recherches\u2026<\/li>\n<li>Des livres pour la culture\u2026<\/li>\n<li>Des magazines pour voyager, s\u2019\u00e9vader ou s\u2019informer\u2026<\/li>\n<li>Des espaces pour r\u00e9viser et travailler \u2026<\/li>\n<li>La litt\u00e9rature grise, entre autres les m\u00e9moires et travaux d\u2019\u00e9tudiants \u2026<\/li>\n<\/ul>\n<\/div>\n<\/div>\n<h2 class=\"vc_custom_heading vc_custom_1617095807970\">ACCES AUX BIBLIOTHEQUES<\/h2>\n<div class=\"wpb_text_column wpb_content_element vc_custom_1617096386344\">\n<div class=\"wpb_wrapper\">\n<p>La biblioth\u00e8que centrale est ouverte aux \u00e9tudiants et aux personnels de l&#8217;Universit\u00e9 Walomb\u00e9. Cependant, l\u2019acc\u00e8s y est seulement possible pour les personnes inscrites. La r\u00e9servation et l\u2019emprunt des ouvrages sont exclusivement r\u00e9serv\u00e9s aux \u00e9tudiants et personnels de l&#8217;Universit\u00e9 Walomb\u00e9.<br>Toute personne inscrite \u00e0 la biblioth\u00e8que peut consulter les ouvrages.<\/p>\n<p><strong>L\u2019inscription est gratuite, sur pr\u00e9sentation d\u2019un justificatif :<\/strong><\/p>\n<ul>\n<li>Pour tout \u00e9tudiant inscrit \u00e0 l\u2019Universit\u00e9 Walomb\u00e9<\/li>\n<li>Pour les membres du personnel de l\u2019Universit\u00e9 Walomb\u00e9<\/li>\n<li>Pour les enseignants de l&#8217;Universit\u00e9 Walomb\u00e9<\/li>\n<li>Pour les stagiaires, dans le cadre de la coop\u00e9ration avec une universit\u00e9 \u00e9trang\u00e8re.<\/li>\n<\/ul>\n<p>L\u2019inscription se fait au bureau d\u2019accueil, de renseignement et d\u2019orientation sur pr\u00e9sentation de la carte d\u2019\u00e9tudiant, d\u2019un justificatif d\u2019identit\u00e9, d\u2019une carte professionnelle ou toute autre pi\u00e8ce justificative.<\/p>\n<\/div>\n<\/div>\n<h2 class=\"vc_custom_heading vc_custom_1617096542915\">HORAIRES D\u2019OUVERTURE<\/h2>\n<div class=\"wpb_text_column wpb_content_element vc_custom_1617096483482\">\n<div class=\"wpb_wrapper\">\n<p><br><\/p>\n<\/div>\n<\/div>\n<div class=\"wpb_text_column wpb_content_element vc_custom_1617096673403\">\n<div class=\"wpb_wrapper\">\n<\/div>\n<\/div>\t\t\t\t\t\t\t\t<\/div>\n\t\t\t\t<\/div>\n\t\t\t\t\t<\/div>\n\t\t<\/div>\n\t\t\t\t\t<\/div>\n\t\t<\/section>\n\t\t\t\t<\/div>\n\t\t","protected":false},"excerpt":{"rendered":"<p>PRESENTATION GENERALE L&#8217;universit\u00e9 est dot\u00e9e d\u2019un r\u00e9seau de biblioth\u00e8ques \u00e9quip\u00e9es de la technologie num\u00e9rique qui vous accueille pendant l\u2019ann\u00e9e universitaire &hellip; <\/p>\n","protected":false},"author":1,"featured_media":0,"parent":0,"menu_order":0,"comment_status":"closed","ping_status":"closed","template":"","meta":{"_bbp_topic_count":0,"_bbp_reply_count":0,"_bbp_total_topic_count":0,"_bbp_total_reply_count":0,"_bbp_voice_count":0,"_bbp_anonymous_reply_count":0,"_bbp_topic_count_hidden":0,"_bbp_reply_count_hidden":0,"_bbp_forum_subforum_count":0,"content-type":"","footnotes":""},"class_list":["post-188","page","type-page","status-publish","hentry"],"_links":{"self":[{"href":"https:\/\/univ-walombe.com\/index.php\/wp-json\/wp\/v2\/pages\/188","targetHints":{"allow":["GET"]}}],"collection":[{"href":"https:\/\/univ-walombe.com\/index.php\/wp-json\/wp\/v2\/pages"}],"about":[{"href":"https:\/\/univ-walombe.com\/index.php\/wp-json\/wp\/v2\/types\/page"}],"author":[{"embeddable":true,"href":"https:\/\/univ-walombe.com\/index.php\/wp-json\/wp\/v2\/users\/1"}],"replies":[{"embeddable":true,"href":"https:\/\/univ-walombe.com\/index.php\/wp-json\/wp\/v2\/comments?post=188"}],"version-history":[{"count":43,"href":"https:\/\/univ-walombe.com\/index.php\/wp-json\/wp\/v2\/pages\/188\/revisions"}],"predecessor-version":[{"id":1374,"href":"https:\/\/univ-walombe.com\/index.php\/wp-json\/wp\/v2\/pages\/188\/revisions\/1374"}],"wp:attachment":[{"href":"https:\/\/univ-walombe.com\/index.php\/wp-json\/wp\/v2\/media?parent=188"}],"curies":[{"name":"wp","href":"https:\/\/api.w.org\/{rel}","templated":true}]}}