{"id":433,"date":"2023-05-31T12:32:37","date_gmt":"2023-05-31T11:32:37","guid":{"rendered":"http:\/\/univ-walombe.com\/?page_id=433"},"modified":"2024-09-12T10:34:07","modified_gmt":"2024-09-12T09:34:07","slug":"pourquoi-nous-choisir","status":"publish","type":"page","link":"https:\/\/univ-walombe.com\/index.php\/pourquoi-nous-choisir\/","title":{"rendered":"Pourquoi nous choisir?"},"content":{"rendered":"\t\t<div data-elementor-type=\"wp-page\" data-elementor-id=\"433\" class=\"elementor elementor-433\">\n\t\t\t\t\t\t<section class=\"elementor-section elementor-top-section elementor-element elementor-element-0625280 elementor-section-boxed elementor-section-height-default elementor-section-height-default\" data-id=\"0625280\" data-element_type=\"section\" data-e-type=\"section\">\n\t\t\t\t\t\t<div class=\"elementor-container elementor-column-gap-default\">\n\t\t\t\t\t<div class=\"elementor-column elementor-col-50 elementor-top-column elementor-element elementor-element-53178c7\" data-id=\"53178c7\" data-element_type=\"column\" data-e-type=\"column\">\n\t\t\t<div class=\"elementor-widget-wrap elementor-element-populated\">\n\t\t\t\t\t\t<div class=\"elementor-element elementor-element-69d64d3 elementor-widget__width-initial elementor-widget elementor-widget-text-editor\" data-id=\"69d64d3\" data-element_type=\"widget\" data-e-type=\"widget\" data-widget_type=\"text-editor.default\">\n\t\t\t\t<div class=\"elementor-widget-container\">\n\t\t\t\t\t\t\t\t\t<h3><span style=\"font-weight: normal;\">&nbsp; &nbsp; &nbsp; &nbsp; &nbsp; &nbsp; &nbsp; <\/span>10 bonnes raisons de nous rejoindre:&nbsp; &nbsp;<span style=\"font-weight: normal;\"> &nbsp; &nbsp;<\/span><\/h3>\n<ol>\n<li><b>Une facult\u00e9 reconnue et agr\u00e9\u00e9e&nbsp;<\/b><\/li>\n<li><b>Des programmes en parcours classique<\/b><\/li>\n<li><b>Programmes revus chaque ann\u00e9e<\/b><\/li>\n<li><b>Programmes enti\u00e8rement consomm\u00e9s<\/b><\/li>\n<li><b>Bilan de formation toujours positif<\/b><\/li>\n<li><b>Une carte et un statut \u00e9tudiant<\/b><\/li>\n<li><b>Votre inscription en ligne ou dans nos locaux<\/b><\/li>\n<li><b>Un prix attractif \u00e0 la porter de tous<\/b><\/li>\n<li><b>Une \u00e9quipe p\u00e9dagogique hautement qualifi\u00e9e<\/b><\/li>\n<li><b>M\u00e9thode moderne de formation<\/b><\/li>\n<\/ol>\n<ol>\n<\/ol>\t\t\t\t\t\t\t\t<\/div>\n\t\t\t\t<\/div>\n\t\t\t\t\t<\/div>\n\t\t<\/div>\n\t\t\t\t<div class=\"elementor-column elementor-col-50 elementor-top-column elementor-element elementor-element-bea7b3f\" data-id=\"bea7b3f\" data-element_type=\"column\" data-e-type=\"column\">\n\t\t\t<div class=\"elementor-widget-wrap elementor-element-populated\">\n\t\t\t\t\t\t<div class=\"elementor-element elementor-element-9203bdd elementor-widget__width-initial elementor-absolute elementor-widget elementor-widget-image\" data-id=\"9203bdd\" data-element_type=\"widget\" data-e-type=\"widget\" data-settings=\"{&quot;_position&quot;:&quot;absolute&quot;}\" data-widget_type=\"image.default\">\n\t\t\t\t<div class=\"elementor-widget-container\">\n\t\t\t\t\t\t\t\t\t\t\t\t\t\t\t<img fetchpriority=\"high\" decoding=\"async\" width=\"641\" height=\"658\" src=\"https:\/\/univ-walombe.com\/wp-content\/uploads\/2023\/12\/Image1.png\" class=\"attachment-large size-large wp-image-1442\" alt=\"\" srcset=\"https:\/\/univ-walombe.com\/wp-content\/uploads\/2023\/12\/Image1.png 641w, https:\/\/univ-walombe.com\/wp-content\/uploads\/2023\/12\/Image1-292x300.png 292w\" sizes=\"(max-width: 641px) 100vw, 641px\" \/>\t\t\t\t\t\t\t\t\t\t\t\t\t\t\t<\/div>\n\t\t\t\t<\/div>\n\t\t\t\t\t<\/div>\n\t\t<\/div>\n\t\t\t\t\t<\/div>\n\t\t<\/section>\n\t\t\t\t<\/div>\n\t\t","protected":false},"excerpt":{"rendered":"<p>&nbsp; &nbsp; &nbsp; &nbsp; &nbsp; &nbsp; &nbsp; 10 bonnes raisons de nous rejoindre:&nbsp; &nbsp; &nbsp; &nbsp; Une facult\u00e9 reconnue et &hellip; <\/p>\n","protected":false},"author":1,"featured_media":0,"parent":0,"menu_order":0,"comment_status":"closed","ping_status":"closed","template":"","meta":{"_bbp_topic_count":0,"_bbp_reply_count":0,"_bbp_total_topic_count":0,"_bbp_total_reply_count":0,"_bbp_voice_count":0,"_bbp_anonymous_reply_count":0,"_bbp_topic_count_hidden":0,"_bbp_reply_count_hidden":0,"_bbp_forum_subforum_count":0,"content-type":"","footnotes":""},"class_list":["post-433","page","type-page","status-publish","hentry"],"_links":{"self":[{"href":"https:\/\/univ-walombe.com\/index.php\/wp-json\/wp\/v2\/pages\/433","targetHints":{"allow":["GET"]}}],"collection":[{"href":"https:\/\/univ-walombe.com\/index.php\/wp-json\/wp\/v2\/pages"}],"about":[{"href":"https:\/\/univ-walombe.com\/index.php\/wp-json\/wp\/v2\/types\/page"}],"author":[{"embeddable":true,"href":"https:\/\/univ-walombe.com\/index.php\/wp-json\/wp\/v2\/users\/1"}],"replies":[{"embeddable":true,"href":"https:\/\/univ-walombe.com\/index.php\/wp-json\/wp\/v2\/comments?post=433"}],"version-history":[{"count":189,"href":"https:\/\/univ-walombe.com\/index.php\/wp-json\/wp\/v2\/pages\/433\/revisions"}],"predecessor-version":[{"id":1788,"href":"https:\/\/univ-walombe.com\/index.php\/wp-json\/wp\/v2\/pages\/433\/revisions\/1788"}],"wp:attachment":[{"href":"https:\/\/univ-walombe.com\/index.php\/wp-json\/wp\/v2\/media?parent=433"}],"curies":[{"name":"wp","href":"https:\/\/api.w.org\/{rel}","templated":true}]}}