{"id":68,"date":"2022-05-18T14:53:33","date_gmt":"2022-05-18T13:53:33","guid":{"rendered":"http:\/\/univ-walombe.com\/?page_id=68"},"modified":"2024-09-12T11:26:26","modified_gmt":"2024-09-12T10:26:26","slug":"licence-1","status":"publish","type":"page","link":"https:\/\/univ-walombe.com\/index.php\/licence-1\/","title":{"rendered":"Licence 1"},"content":{"rendered":"\t\t<div data-elementor-type=\"wp-page\" data-elementor-id=\"68\" class=\"elementor elementor-68\">\n\t\t\t\t\t\t<section class=\"elementor-section elementor-top-section elementor-element elementor-element-ddc8685 elementor-section-boxed elementor-section-height-default elementor-section-height-default\" data-id=\"ddc8685\" data-element_type=\"section\" data-e-type=\"section\">\n\t\t\t\t\t\t<div class=\"elementor-container elementor-column-gap-default\">\n\t\t\t\t\t<div class=\"elementor-column elementor-col-100 elementor-top-column elementor-element elementor-element-6f21723\" data-id=\"6f21723\" data-element_type=\"column\" data-e-type=\"column\">\n\t\t\t<div class=\"elementor-widget-wrap elementor-element-populated\">\n\t\t\t\t\t\t<div class=\"elementor-element elementor-element-8211a77 elementor-widget elementor-widget-text-editor\" data-id=\"8211a77\" data-element_type=\"widget\" data-e-type=\"widget\" data-widget_type=\"text-editor.default\">\n\t\t\t\t<div class=\"elementor-widget-container\">\n\t\t\t\t\t\t\t\t\t<p>La formation en Licence 1 en Droit vise \u00e0 fournir aux \u00e9tudiants les bases fondamentales du droit et \u00e0 les pr\u00e9parent pour les ann\u00e9es suivantes dans le cadre du syst\u00e8me LMD (Licence, Master, Doctorat).<\/p>\t\t\t\t\t\t\t\t<\/div>\n\t\t\t\t<\/div>\n\t\t\t\t\t<\/div>\n\t\t<\/div>\n\t\t\t\t\t<\/div>\n\t\t<\/section>\n\t\t\t\t<section class=\"elementor-section elementor-top-section elementor-element elementor-element-f8ddec3 elementor-section-boxed elementor-section-height-default elementor-section-height-default\" data-id=\"f8ddec3\" data-element_type=\"section\" data-e-type=\"section\">\n\t\t\t\t\t\t<div class=\"elementor-container elementor-column-gap-default\">\n\t\t\t\t\t<div class=\"elementor-column elementor-col-100 elementor-top-column elementor-element elementor-element-4412785\" data-id=\"4412785\" data-element_type=\"column\" data-e-type=\"column\">\n\t\t\t<div class=\"elementor-widget-wrap elementor-element-populated\">\n\t\t\t\t\t\t<div class=\"elementor-element elementor-element-e52a0d7 elementor-widget-divider--view-line elementor-widget elementor-widget-divider\" data-id=\"e52a0d7\" data-element_type=\"widget\" data-e-type=\"widget\" data-widget_type=\"divider.default\">\n\t\t\t\t<div class=\"elementor-widget-container\">\n\t\t\t\t\t\t\t<div class=\"elementor-divider\">\n\t\t\t<span class=\"elementor-divider-separator\">\n\t\t\t\t\t\t<\/span>\n\t\t<\/div>\n\t\t\t\t\t\t<\/div>\n\t\t\t\t<\/div>\n\t\t\t\t\t<\/div>\n\t\t<\/div>\n\t\t\t\t\t<\/div>\n\t\t<\/section>\n\t\t\t\t<section class=\"elementor-section elementor-top-section elementor-element elementor-element-afa2533 elementor-section-boxed elementor-section-height-default elementor-section-height-default\" data-id=\"afa2533\" data-element_type=\"section\" data-e-type=\"section\" data-settings=\"{&quot;background_background&quot;:&quot;classic&quot;}\">\n\t\t\t\t\t\t\t<div class=\"elementor-background-overlay\"><\/div>\n\t\t\t\t\t\t\t<div class=\"elementor-container elementor-column-gap-default\">\n\t\t\t\t\t<div class=\"elementor-column elementor-col-25 elementor-top-column elementor-element elementor-element-db4a38f\" data-id=\"db4a38f\" data-element_type=\"column\" data-e-type=\"column\">\n\t\t\t<div class=\"elementor-widget-wrap elementor-element-populated\">\n\t\t\t\t\t\t<div class=\"elementor-element elementor-element-53e929c elementor-invisible elementor-widget elementor-widget-text-editor\" data-id=\"53e929c\" data-element_type=\"widget\" data-e-type=\"widget\" data-settings=\"{&quot;_animation&quot;:&quot;slideInLeft&quot;}\" data-widget_type=\"text-editor.default\">\n\t\t\t\t<div class=\"elementor-widget-container\">\n\t\t\t\t\t\t\t\t\t<p><strong>Acqu\u00e9rir une Base Solide en Droit<\/strong><\/p><p><strong>Objectif<\/strong> : Comprendre les principes fondamentaux du droit et les structures juridiques. Cette base est essentielle pour aborder les mati\u00e8res plus sp\u00e9cialis\u00e9es dans les ann\u00e9es suivantes.<\/p>\t\t\t\t\t\t\t\t<\/div>\n\t\t\t\t<\/div>\n\t\t\t\t\t<\/div>\n\t\t<\/div>\n\t\t\t\t<div class=\"elementor-column elementor-col-25 elementor-top-column elementor-element elementor-element-f274da9\" data-id=\"f274da9\" data-element_type=\"column\" data-e-type=\"column\">\n\t\t\t<div class=\"elementor-widget-wrap elementor-element-populated\">\n\t\t\t\t\t\t<div class=\"elementor-element elementor-element-5b8ec71 elementor-widget__width-initial elementor-invisible elementor-widget elementor-widget-text-editor\" data-id=\"5b8ec71\" data-element_type=\"widget\" data-e-type=\"widget\" data-settings=\"{&quot;_animation&quot;:&quot;slideInDown&quot;}\" data-widget_type=\"text-editor.default\">\n\t\t\t\t<div class=\"elementor-widget-container\">\n\t\t\t\t\t\t\t\t\t<p><strong>D\u00e9velopper des Comp\u00e9tences Analytiques<\/strong><\/p><p><strong>Objectif<\/strong> : Apprendre \u00e0 analyser et \u00e0 interpr\u00e9ter les textes juridiques, les d\u00e9cisions de justice et les contextes l\u00e9gislatifs.<\/p>\t\t\t\t\t\t\t\t<\/div>\n\t\t\t\t<\/div>\n\t\t\t\t\t<\/div>\n\t\t<\/div>\n\t\t\t\t<div class=\"elementor-column elementor-col-25 elementor-top-column elementor-element elementor-element-f917c96\" data-id=\"f917c96\" data-element_type=\"column\" data-e-type=\"column\">\n\t\t\t<div class=\"elementor-widget-wrap elementor-element-populated\">\n\t\t\t\t\t\t<div class=\"elementor-element elementor-element-2a508ce elementor-invisible elementor-widget elementor-widget-text-editor\" data-id=\"2a508ce\" data-element_type=\"widget\" data-e-type=\"widget\" data-settings=\"{&quot;_animation&quot;:&quot;slideInUp&quot;}\" data-widget_type=\"text-editor.default\">\n\t\t\t\t<div class=\"elementor-widget-container\">\n\t\t\t\t\t\t\t\t\t<p><strong>Acqu\u00e9rir des Comp\u00e9tences en R\u00e9daction Juridique<\/strong><\/p><p><strong>Objectif<\/strong> : D\u00e9velopper des comp\u00e9tences en r\u00e9daction de documents juridiques, tels que les notes de synth\u00e8se et les analyses de cas.<\/p>\t\t\t\t\t\t\t\t<\/div>\n\t\t\t\t<\/div>\n\t\t\t\t\t<\/div>\n\t\t<\/div>\n\t\t\t\t<div class=\"elementor-column elementor-col-25 elementor-top-column elementor-element elementor-element-442fc7e\" data-id=\"442fc7e\" data-element_type=\"column\" data-e-type=\"column\">\n\t\t\t<div class=\"elementor-widget-wrap elementor-element-populated\">\n\t\t\t\t\t\t<div class=\"elementor-element elementor-element-ab7f2d1 elementor-invisible elementor-widget elementor-widget-text-editor\" data-id=\"ab7f2d1\" data-element_type=\"widget\" data-e-type=\"widget\" data-settings=\"{&quot;_animation&quot;:&quot;rotateInDownRight&quot;}\" data-widget_type=\"text-editor.default\">\n\t\t\t\t<div class=\"elementor-widget-container\">\n\t\t\t\t\t\t\t\t\t<p><strong>Introduction \u00e0 la M\u00e9thodologie Juridique<\/strong><\/p><p><strong>Objectif<\/strong> : Apprendre les m\u00e9thodes de recherche et d\u2019analyse juridique, incluant l\u2019utilisation des sources du droit.<\/p>\t\t\t\t\t\t\t\t<\/div>\n\t\t\t\t<\/div>\n\t\t\t\t\t<\/div>\n\t\t<\/div>\n\t\t\t\t\t<\/div>\n\t\t<\/section>\n\t\t\t\t<\/div>\n\t\t","protected":false},"excerpt":{"rendered":"<p>La formation en Licence 1 en Droit vise \u00e0 fournir aux \u00e9tudiants les bases fondamentales du droit et \u00e0 les &hellip; <\/p>\n","protected":false},"author":1,"featured_media":0,"parent":0,"menu_order":0,"comment_status":"closed","ping_status":"closed","template":"","meta":{"_bbp_topic_count":0,"_bbp_reply_count":0,"_bbp_total_topic_count":0,"_bbp_total_reply_count":0,"_bbp_voice_count":0,"_bbp_anonymous_reply_count":0,"_bbp_topic_count_hidden":0,"_bbp_reply_count_hidden":0,"_bbp_forum_subforum_count":0,"content-type":"","footnotes":""},"class_list":["post-68","page","type-page","status-publish","hentry"],"_links":{"self":[{"href":"https:\/\/univ-walombe.com\/index.php\/wp-json\/wp\/v2\/pages\/68","targetHints":{"allow":["GET"]}}],"collection":[{"href":"https:\/\/univ-walombe.com\/index.php\/wp-json\/wp\/v2\/pages"}],"about":[{"href":"https:\/\/univ-walombe.com\/index.php\/wp-json\/wp\/v2\/types\/page"}],"author":[{"embeddable":true,"href":"https:\/\/univ-walombe.com\/index.php\/wp-json\/wp\/v2\/users\/1"}],"replies":[{"embeddable":true,"href":"https:\/\/univ-walombe.com\/index.php\/wp-json\/wp\/v2\/comments?post=68"}],"version-history":[{"count":40,"href":"https:\/\/univ-walombe.com\/index.php\/wp-json\/wp\/v2\/pages\/68\/revisions"}],"predecessor-version":[{"id":1827,"href":"https:\/\/univ-walombe.com\/index.php\/wp-json\/wp\/v2\/pages\/68\/revisions\/1827"}],"wp:attachment":[{"href":"https:\/\/univ-walombe.com\/index.php\/wp-json\/wp\/v2\/media?parent=68"}],"curies":[{"name":"wp","href":"https:\/\/api.w.org\/{rel}","templated":true}]}}