{"id":758,"date":"2023-06-23T10:29:49","date_gmt":"2023-06-23T09:29:49","guid":{"rendered":"https:\/\/univ-walombe.com\/?page_id=758"},"modified":"2024-09-12T10:31:04","modified_gmt":"2024-09-12T09:31:04","slug":"mot-du-president-fondateur-2","status":"publish","type":"page","link":"https:\/\/univ-walombe.com\/index.php\/mot-du-president-fondateur-2\/","title":{"rendered":"Mot du Pr\u00e9sident Fondateur"},"content":{"rendered":"\t\t<div data-elementor-type=\"wp-page\" data-elementor-id=\"758\" class=\"elementor elementor-758\">\n\t\t\t\t\t\t<section class=\"elementor-section elementor-top-section elementor-element elementor-element-056ed61 elementor-section-boxed elementor-section-height-default elementor-section-height-default\" data-id=\"056ed61\" data-element_type=\"section\" data-e-type=\"section\" data-settings=\"{&quot;background_background&quot;:&quot;classic&quot;}\">\n\t\t\t\t\t\t<div class=\"elementor-container elementor-column-gap-default\">\n\t\t\t\t\t<div class=\"elementor-column elementor-col-100 elementor-top-column elementor-element elementor-element-09b9163\" data-id=\"09b9163\" data-element_type=\"column\" data-e-type=\"column\">\n\t\t\t<div class=\"elementor-widget-wrap elementor-element-populated\">\n\t\t\t\t\t\t<div class=\"elementor-element elementor-element-8a56f39 elementor-widget elementor-widget-text-editor\" data-id=\"8a56f39\" data-element_type=\"widget\" data-e-type=\"widget\" data-widget_type=\"text-editor.default\">\n\t\t\t\t<div class=\"elementor-widget-container\">\n\t\t\t\t\t\t\t\t\t<p><img decoding=\"async\" class=\" wp-image-890 alignleft\" src=\"http:\/\/univ-walombe.com\/wp-content\/uploads\/2023\/08\/image_2023-08-03_163211060-272x300.png\" alt=\"\" width=\"137\" height=\"151\" srcset=\"https:\/\/univ-walombe.com\/wp-content\/uploads\/2023\/08\/image_2023-08-03_163211060-272x300.png 272w, https:\/\/univ-walombe.com\/wp-content\/uploads\/2023\/08\/image_2023-08-03_163211060.png 317w\" sizes=\"(max-width: 137px) 100vw, 137px\" \/><\/p>\n<p class=\"MsoNormal\">Jean Jacques Rousseau, dans son \u0153uvre intitul\u00e9e Emile ou de l\u2019Education (1762), fait de l\u2019\u00e9ducation un art pour former les hommes depuis le nourrisson jusqu\u2019\u00e0 l\u2019adulte dans la vie active. Par ailleurs, en scrutant le Pr\u00e9ambule de la D\u00e9claration Universelle des Droits de l\u2019Homme, nous en tirons&nbsp; &nbsp;que l\u2019\u00e9ducation et l\u2019enseignement sont les moyens sur lesquels compte la nouvelle soci\u00e9t\u00e9 humaine mondiale constitu\u00e9e au lendemain de la Seconde Guerre pour d\u00e9velopper le respect des droits de l\u2019homme et des libert\u00e9s fondamentales par tous les individus et tous les organes de la soci\u00e9t\u00e9. Plus pr\u00e8s de nous, J. Rawls, p\u00e8re de la pens\u00e9e politique contemporaine et A. Sen, prix Nobel d\u2019\u00e9conomie, reconnaissent tous deux, en d\u00e9pit des approches diff\u00e9rentes, que l\u2019acc\u00e8s \u00e0 l\u2019\u00e9ducation est indissociable du d\u00e9veloppement \u00e9conomique et social\u2026<\/p>\t\t\t\t\t\t\t\t<\/div>\n\t\t\t\t<\/div>\n\t\t\t\t\t<\/div>\n\t\t<\/div>\n\t\t\t\t\t<\/div>\n\t\t<\/section>\n\t\t\t\t<\/div>\n\t\t","protected":false},"excerpt":{"rendered":"<p>Jean Jacques Rousseau, dans son \u0153uvre intitul\u00e9e Emile ou de l\u2019Education (1762), fait de l\u2019\u00e9ducation un art pour former les &hellip; <\/p>\n","protected":false},"author":1,"featured_media":0,"parent":0,"menu_order":0,"comment_status":"closed","ping_status":"closed","template":"","meta":{"_bbp_topic_count":0,"_bbp_reply_count":0,"_bbp_total_topic_count":0,"_bbp_total_reply_count":0,"_bbp_voice_count":0,"_bbp_anonymous_reply_count":0,"_bbp_topic_count_hidden":0,"_bbp_reply_count_hidden":0,"_bbp_forum_subforum_count":0,"content-type":"","footnotes":""},"class_list":["post-758","page","type-page","status-publish","hentry"],"_links":{"self":[{"href":"https:\/\/univ-walombe.com\/index.php\/wp-json\/wp\/v2\/pages\/758","targetHints":{"allow":["GET"]}}],"collection":[{"href":"https:\/\/univ-walombe.com\/index.php\/wp-json\/wp\/v2\/pages"}],"about":[{"href":"https:\/\/univ-walombe.com\/index.php\/wp-json\/wp\/v2\/types\/page"}],"author":[{"embeddable":true,"href":"https:\/\/univ-walombe.com\/index.php\/wp-json\/wp\/v2\/users\/1"}],"replies":[{"embeddable":true,"href":"https:\/\/univ-walombe.com\/index.php\/wp-json\/wp\/v2\/comments?post=758"}],"version-history":[{"count":13,"href":"https:\/\/univ-walombe.com\/index.php\/wp-json\/wp\/v2\/pages\/758\/revisions"}],"predecessor-version":[{"id":1785,"href":"https:\/\/univ-walombe.com\/index.php\/wp-json\/wp\/v2\/pages\/758\/revisions\/1785"}],"wp:attachment":[{"href":"https:\/\/univ-walombe.com\/index.php\/wp-json\/wp\/v2\/media?parent=758"}],"curies":[{"name":"wp","href":"https:\/\/api.w.org\/{rel}","templated":true}]}}